{"id":806,"date":"2026-01-12T21:48:44","date_gmt":"2026-01-12T21:48:44","guid":{"rendered":"https:\/\/hoco-land.com\/?post_type=product&#038;p=806"},"modified":"2026-01-12T21:48:44","modified_gmt":"2026-01-12T21:48:44","slug":"chargeur-rapide-hoco-cs23a-cable-c-to-ip-iphone-algerie","status":"publish","type":"product","link":"https:\/\/hoco-land.com\/?product=chargeur-rapide-hoco-cs23a-cable-c-to-ip-iphone-algerie","title":{"rendered":"Chargeur Rapide HOCO CS23A + Cable (C to IP) | iPhone Algerie"},"content":{"rendered":"<h3 data-start=\"1898\" data-end=\"1948\">\u2714 Avantages du pack HOCO CS23A 30W + Lightning<\/h3>\n<ul data-start=\"1949\" data-end=\"2244\">\n<li data-start=\"1949\" data-end=\"1980\">\n<p data-start=\"1951\" data-end=\"1980\">Charge rapide jusqu\u2019\u00e0 <strong data-start=\"1973\" data-end=\"1980\">30W<\/strong><\/p>\n<\/li>\n<li data-start=\"1981\" data-end=\"2012\">\n<p data-start=\"1983\" data-end=\"2012\"><strong data-start=\"1983\" data-end=\"2012\">Double port USB-C + USB-A<\/strong><\/p>\n<\/li>\n<li data-start=\"2013\" data-end=\"2056\">\n<p data-start=\"2015\" data-end=\"2056\">C\u00e2ble <strong data-start=\"2021\" data-end=\"2056\">Type-C \u2192 Lightning (1 m) inclus<\/strong><\/p>\n<\/li>\n<li data-start=\"2057\" data-end=\"2087\">\n<p data-start=\"2059\" data-end=\"2087\">Compatible <strong data-start=\"2070\" data-end=\"2087\">iPhone &amp; iPad<\/strong><\/p>\n<\/li>\n<li data-start=\"2088\" data-end=\"2139\">\n<p data-start=\"2090\" data-end=\"2139\">Protocoles <strong data-start=\"2101\" data-end=\"2139\">PD \/ PPS \/ QC3.0 \/ FCP \/ SCP \/ AFC<\/strong><\/p>\n<\/li>\n<li data-start=\"2140\" data-end=\"2181\">\n<p data-start=\"2142\" data-end=\"2181\"><strong data-start=\"2142\" data-end=\"2154\">Prise EU<\/strong> adapt\u00e9e au r\u00e9seau alg\u00e9rien<\/p>\n<\/li>\n<li data-start=\"2182\" data-end=\"2216\">\n<p data-start=\"2184\" data-end=\"2216\">Mat\u00e9riaux <strong data-start=\"2194\" data-end=\"2216\">PC + ABS ignifug\u00e9s<\/strong><\/p>\n<\/li>\n<li data-start=\"2217\" data-end=\"2244\">\n<p data-start=\"2219\" data-end=\"2244\">Produit <strong data-start=\"2227\" data-end=\"2244\">original HOCO<\/strong><\/p>\n<\/li>\n<\/ul>\n<p><img loading=\"lazy\" decoding=\"async\" class=\"alignnone size-full wp-image-808\" src=\"https:\/\/hoco-land.com\/wp-content\/uploads\/2026\/01\/hoco-land-Chargeur-Rapide-HOCO-CS23A-Cable-C-to-IP-iPhone-Algerie-2.jpg\" alt=\"\" width=\"800\" height=\"800\" srcset=\"https:\/\/hoco-land.com\/wp-content\/uploads\/2026\/01\/hoco-land-Chargeur-Rapide-HOCO-CS23A-Cable-C-to-IP-iPhone-Algerie-2.jpg 800w, https:\/\/hoco-land.com\/wp-content\/uploads\/2026\/01\/hoco-land-Chargeur-Rapide-HOCO-CS23A-Cable-C-to-IP-iPhone-Algerie-2-480x480.jpg 480w\" sizes=\"(min-width: 0px) and (max-width: 480px) 480px, (min-width: 481px) 800px, 100vw\" \/><\/p>\n<p data-start=\"633\" data-end=\"941\">Le <strong data-start=\"636\" data-end=\"708\">chargeur rapide HOCO CS23A Sunlight avec c\u00e2ble Type-C vers Lightning<\/strong> est la solution parfaite pour les utilisateurs <strong data-start=\"756\" data-end=\"777\">iPhone en Alg\u00e9rie<\/strong> recherchant une <strong data-start=\"794\" data-end=\"837\">charge rapide, puissante et polyvalente<\/strong>. Gr\u00e2ce \u00e0 son <strong data-start=\"851\" data-end=\"881\">double port USB-C et USB-A<\/strong>, il permet de recharger un ou deux appareils simultan\u00e9ment.<\/p>\n<p data-start=\"943\" data-end=\"1339\">Le port <strong data-start=\"951\" data-end=\"960\">USB-C<\/strong> d\u00e9livre jusqu\u2019\u00e0 <strong data-start=\"977\" data-end=\"984\">30W<\/strong> et prend en charge les technologies <strong data-start=\"1021\" data-end=\"1055\">Power Delivery (PD 30W) et PPS<\/strong>, assurant une charge rapide et stable pour les <strong data-start=\"1103\" data-end=\"1150\">iPhone r\u00e9cents (via c\u00e2ble Lightning inclus)<\/strong>, iPad et autres appareils compatibles. Le port <strong data-start=\"1198\" data-end=\"1207\">USB-A<\/strong> offre jusqu\u2019\u00e0 <strong data-start=\"1222\" data-end=\"1229\">18W<\/strong> et supporte <strong data-start=\"1242\" data-end=\"1268\">QC3.0, FCP, SCP et AFC<\/strong>, garantissant une large compatibilit\u00e9 avec les accessoires classiques.<\/p>\n<p data-start=\"1341\" data-end=\"1659\">Lorsque les deux ports sont utilis\u00e9s en m\u00eame temps, la puissance totale est limit\u00e9e \u00e0 <strong data-start=\"1427\" data-end=\"1444\">15W (5V \/ 3A)<\/strong> pour une charge \u00e9quilibr\u00e9e et s\u00e9curis\u00e9e. Fabriqu\u00e9 en <strong data-start=\"1498\" data-end=\"1519\">PC + ABS ignifug\u00e9<\/strong>, le HOCO CS23A prot\u00e8ge vos appareils contre la surcharge, la surchauffe et les courts-circuits, tout en assurant une excellente durabilit\u00e9.<\/p>\n<p data-start=\"1661\" data-end=\"1896\">La <strong data-start=\"1664\" data-end=\"1689\">prise europ\u00e9enne (EU)<\/strong> est parfaitement adapt\u00e9e aux prises \u00e9lectriques utilis\u00e9es en Alg\u00e9rie. Compact et l\u00e9ger (<strong data-start=\"1778\" data-end=\"1797\">70 g avec c\u00e2ble<\/strong>), ce chargeur est id\u00e9al pour une utilisation quotidienne \u00e0 la maison, au bureau ou en d\u00e9placement.<\/p>\n<p data-start=\"2246\" data-end=\"2358\">\ud83d\udce6 <strong data-start=\"2249\" data-end=\"2358\">Id\u00e9al pour ceux qui recherchent un chargeur iPhone puissant et double port en Alg\u00e9rie, avec c\u00e2ble inclus.<\/strong><\/p>\n","protected":false},"excerpt":{"rendered":"<p>Chargeur mural HOCO CS23A avec double sortie USB-C 30W et USB-A 18W.<br data-start=\"434\" data-end=\"437\" \/>Livr\u00e9 avec c\u00e2ble <strong data-start=\"454\" data-end=\"485\">Type-C vers Lightning (1 m)<\/strong>, id\u00e9al pour iPhone et iPad.<br data-start=\"513\" data-end=\"516\" \/>Charge rapide PD et PPS, prise EU compatible avec l\u2019Alg\u00e9rie.<\/p>\n","protected":false},"featured_media":807,"comment_status":"open","ping_status":"closed","template":"","meta":{"_et_pb_use_builder":"","_et_pb_old_content":"","_et_gb_content_width":""},"product_brand":[23],"product_cat":[36,35],"product_tag":[],"class_list":{"0":"post-806","1":"product","2":"type-product","3":"status-publish","4":"has-post-thumbnail","6":"product_brand-hoco","7":"product_cat-cables-de-recharge-et-transfert","8":"product_cat-chargeur-secteur","10":"first","11":"instock","12":"shipping-taxable","13":"purchasable","14":"product-type-simple"},"jetpack_sharing_enabled":true,"_links":{"self":[{"href":"https:\/\/hoco-land.com\/index.php?rest_route=\/wp\/v2\/product\/806","targetHints":{"allow":["GET"]}}],"collection":[{"href":"https:\/\/hoco-land.com\/index.php?rest_route=\/wp\/v2\/product"}],"about":[{"href":"https:\/\/hoco-land.com\/index.php?rest_route=\/wp\/v2\/types\/product"}],"replies":[{"embeddable":true,"href":"https:\/\/hoco-land.com\/index.php?rest_route=%2Fwp%2Fv2%2Fcomments&post=806"}],"wp:featuredmedia":[{"embeddable":true,"href":"https:\/\/hoco-land.com\/index.php?rest_route=\/wp\/v2\/media\/807"}],"wp:attachment":[{"href":"https:\/\/hoco-land.com\/index.php?rest_route=%2Fwp%2Fv2%2Fmedia&parent=806"}],"wp:term":[{"taxonomy":"product_brand","embeddable":true,"href":"https:\/\/hoco-land.com\/index.php?rest_route=%2Fwp%2Fv2%2Fproduct_brand&post=806"},{"taxonomy":"product_cat","embeddable":true,"href":"https:\/\/hoco-land.com\/index.php?rest_route=%2Fwp%2Fv2%2Fproduct_cat&post=806"},{"taxonomy":"product_tag","embeddable":true,"href":"https:\/\/hoco-land.com\/index.php?rest_route=%2Fwp%2Fv2%2Fproduct_tag&post=806"}],"curies":[{"name":"wp","href":"https:\/\/api.w.org\/{rel}","templated":true}]}}